{"id":3969,"date":"2023-10-05T01:47:01","date_gmt":"2023-10-05T01:47:01","guid":{"rendered":"https:\/\/adornosparacumple.com\/?page_id=3969"},"modified":"2023-10-05T01:55:02","modified_gmt":"2023-10-05T01:55:02","slug":"personalized-cards-for-birthdays","status":"publish","type":"page","link":"https:\/\/adornosparacumple.com\/en\/personalized-cards-for-birthdays\/","title":{"rendered":"Personalized Birthday Cards"},"content":{"rendered":"<h2 class=\"wp-block-heading has-text-align-center\" id=\"hermosas-tarjetas-personalizadas-para-cumpleanos\">Beautiful personalized cards for Birthdays<\/h2>\n\n\n\n<div class=\"wp-block-greenshift-blocks-row alignfull gspb_row gspb_row-id-gsbp-8a7bc1c3-4450\" id=\"gspb_row-id-gsbp-8a7bc1c3-4450\"><div class=\"gspb_shape-divider-container gspb_shape-divider-container--top\"><svg data-style=\"23\" x=\"0px\" y=\"0px\" viewbox=\"0 0 1200 480\" preserveaspectratio=\"none\"><path class=\"gspb_st2 gspb_shape_2\" data-style=\"23\" d=\"M0,480 L0,128 C650.666667,262.933333 1050.66667,220.266667 1200,0 L1200,480 L0,480 Z\" fill=\"url(#sfirsttopgsbp-8a7bc1c3-4450)\" data-aos=\"fade-up\" data-duration=\"700\" data-aos-delay=\"600\"><\/path><path class=\"gspb_st1 gspb_shape_1\" data-style=\"23\" d=\"M0,480 L0,274.666667 C722.666667,350.933333 1122.66667,266.044444 1200,20 L1200,480 L0,480 Z\" fill=\"url(#ssecondtopgsbp-8a7bc1c3-4450)\" data-aos=\"fade-up\" data-aos-delay=\"300\" data-duration=\"700\"><\/path><path class=\"gspb_st0 gspb_shape_0\" data-style=\"23\" d=\"M0,480 L0,421.333333 C800,421.333333 1200,294.222222 1200,40 L1200,480 L0,480 Z\" fill=\"url(#sthirdtopgsbp-8a7bc1c3-4450)\" data-aos=\"fade-up\" data-aos-delay=\"100\" data-duration=\"700\"><\/path><defs><lineargradient id=\"sfirsttopgsbp-8a7bc1c3-4450\"><stop style=\"stop-color:#fcfcfc\" offset=\"36%\"><\/stop><stop style=\"stop-color:#00c1ff\" offset=\"100%\"><\/stop><\/lineargradient><lineargradient id=\"ssecondtopgsbp-8a7bc1c3-4450\"><stop style=\"stop-color:#7d8dff\" offset=\"0%\"><\/stop><stop style=\"stop-color:#d476f3\" offset=\"100%\"><\/stop><\/lineargradient><lineargradient id=\"sthirdtopgsbp-8a7bc1c3-4450\"><stop style=\"stop-color:#ffffff\" offset=\"0%\"><\/stop><stop style=\"stop-color:#ffffff\" offset=\"100%\"><\/stop><\/lineargradient><\/defs><\/svg><\/div><div class=\"gspb_row__content\"> \n<div class=\"wp-block-greenshift-blocks-row-column gspb_row__col--12 gspb_col-id-gsbp-43d34440-c5e5\" id=\"gspb_col-id-gsbp-43d34440-c5e5\">\n<div class=\"wp-block-greenshift-blocks-row gspb_row gspb_row-id-gsbp-38879413-ba54\" id=\"gspb_row-id-gsbp-38879413-ba54\"><div class=\"gspb_row__content\"> \n<div class=\"wp-block-greenshift-blocks-row-column gspb_row__col--6 gspb_col-id-gsbp-fbf6398c-98ed\" id=\"gspb_col-id-gsbp-fbf6398c-98ed\">\n<figure class=\"wp-block-image size-full\"><img loading=\"lazy\" decoding=\"async\" width=\"874\" height=\"620\" src=\"https:\/\/adornosparacumple.com\/wp-content\/uploads\/2023\/10\/tarjeta-gratis-feliz-cumpelanos.png\" alt=\"\" class=\"wp-image-3970\" srcset=\"https:\/\/adornosparacumple.com\/wp-content\/uploads\/2023\/10\/tarjeta-gratis-feliz-cumpelanos.png 874w, https:\/\/adornosparacumple.com\/wp-content\/uploads\/2023\/10\/tarjeta-gratis-feliz-cumpelanos-300x213.png 300w, https:\/\/adornosparacumple.com\/wp-content\/uploads\/2023\/10\/tarjeta-gratis-feliz-cumpelanos-768x545.png 768w, https:\/\/adornosparacumple.com\/wp-content\/uploads\/2023\/10\/tarjeta-gratis-feliz-cumpelanos-750x532.png 750w, https:\/\/adornosparacumple.com\/wp-content\/uploads\/2023\/10\/tarjeta-gratis-feliz-cumpelanos-150x106.png 150w\" sizes=\"auto, (max-width: 874px) 100vw, 874px\" \/><\/figure>\n<\/div>\n\n\n\n<div class=\"wp-block-greenshift-blocks-row-column gspb_row__col--6 gspb_col-id-gsbp-1f3fbc7a-0720\" id=\"gspb_col-id-gsbp-1f3fbc7a-0720\">\n<div id=\"gspb_iconBox-id-gsbp-d06f2f08-9e9a\" class=\"gspb_iconBox gspb_iconBox-id-gsbp-d06f2f08-9e9a wp-block-greenshift-blocks-iconbox\"><div class=\"gspb_iconBox__wrapper\" style=\"display:inline-flex\"><svg class=\"\" style=\"display:inline-block;vertical-align:middle\" width=\"72\" height=\"72\" viewbox=\"0 0 1152 1024\" xmlns=\"http:\/\/www.w3.org\/2000\/svg\"><path style=\"fill:#565D66\" d=\"M927.4 0h-702.8c-8.4 0-16.2 4.4-20.6 11.6l-200.6 325.6c-5.4 8.8-4.4 20.2 2.4 28l552 650.4c9.6 11.2 26.8 11.2 36.4 0l552-650.4c6.8-7.8 7.6-19.2 2.4-28l-200.6-325.6c-4.4-7.2-12.2-11.6-20.6-11.6zM900.2 72l148.6 248h-166l-113.6-248h131zM690 72l113.6 248h-455.4l113.8-248h228zM251.8 72h131l-113.6 248h-166l148.6-248zM122.4 384h146l163.6 384-309.6-384zM346.4 384h459l-229.4 527.6-229.6-527.6zM720 768l163.6-384h146l-309.6 384z\"><\/path><\/svg><\/div><\/div>\n\n\n\n<div id=\"gspb_heading-id-gsbp-d66bef4b-29b9\" class=\"gspb_heading gspb_heading-id-gsbp-d66bef4b-29b9\">Beautiful birthday cards to edit for free<\/div>\n\n\n\n<div class=\"wp-block-greenshift-blocks-button gspb_button_wrapper gspb_button-id-gsbp-edad41d5-85f4\" id=\"gspb_button-id-gsbp-edad41d5-85f4\"><a class=\"gspb-buttonbox\" rel=\"noopener\"><span class=\"gspb-buttonbox-textwrap\"><span class=\"gspb-buttonbox-text\"><span class=\"gspb-buttonbox-title\">Start now<\/span><\/span><\/span><\/a><\/div>\n<\/div>\n <\/div><\/div>\n<\/div>\n <\/div><\/div>\n\n\n\n<div style=\"height:100px\" aria-hidden=\"true\" class=\"wp-block-spacer\"><\/div>\n\n\n\n<p class=\"has-text-align-center\">Celebrate special moments with our beautiful personalized birthday cards! Design with love, add names and create unforgettable memories - make it unique in every detail!<\/p>\n\n\n\n<div class=\"wp-block-stackable-columns stk-block-columns stk-block stk-2e639d6\" data-block-id=\"2e639d6\"><style>.stk-2e639d6{margin-bottom:100px !important}<\/style><div class=\"stk-row stk-inner-blocks stk-block-content stk-content-align stk-2e639d6-column\">\n<div class=\"wp-block-stackable-column stk-block-column stk-column stk-block stk-b2b22fa\" data-v=\"4\" data-block-id=\"b2b22fa\"><div class=\"stk-column-wrapper stk-block-column__content stk-container stk-b2b22fa-container stk--no-background stk--no-padding\"><div class=\"stk-block-content stk-inner-blocks stk-b2b22fa-inner-blocks\">\n<figure class=\"wp-block-image size-full\"><a href=\"https:\/\/adornosparacumple.com\/en\/free-personalized-cards\/\"><img loading=\"lazy\" decoding=\"async\" width=\"469\" height=\"834\" src=\"https:\/\/adornosparacumple.com\/wp-content\/uploads\/2023\/10\/tarjeta-personalizada-para-cumpleanos.png\" alt=\"\" class=\"wp-image-3973\" srcset=\"https:\/\/adornosparacumple.com\/wp-content\/uploads\/2023\/10\/tarjeta-personalizada-para-cumpleanos.png 469w, https:\/\/adornosparacumple.com\/wp-content\/uploads\/2023\/10\/tarjeta-personalizada-para-cumpleanos-169x300.png 169w, https:\/\/adornosparacumple.com\/wp-content\/uploads\/2023\/10\/tarjeta-personalizada-para-cumpleanos-150x267.png 150w\" sizes=\"auto, (max-width: 469px) 100vw, 469px\" \/><\/a><\/figure>\n<\/div><\/div><\/div>\n\n\n\n<div class=\"wp-block-stackable-column stk-block-column stk-column stk-block stk-caf7fe5\" data-v=\"4\" data-block-id=\"caf7fe5\"><div class=\"stk-column-wrapper stk-block-column__content stk-container stk-caf7fe5-container stk--no-background stk--no-padding\"><div class=\"stk-block-content stk-inner-blocks stk-caf7fe5-inner-blocks\">\n<figure class=\"wp-block-image size-large\"><a href=\"https:\/\/adornosparacumple.com\/en\/free-personalized-cards\/\"><img loading=\"lazy\" decoding=\"async\" width=\"576\" height=\"1024\" src=\"https:\/\/adornosparacumple.com\/wp-content\/uploads\/2023\/10\/tarjeta-personalizada-para-cumple-576x1024.png\" alt=\"\" class=\"wp-image-3974\" srcset=\"https:\/\/adornosparacumple.com\/wp-content\/uploads\/2023\/10\/tarjeta-personalizada-para-cumple-576x1024.png 576w, https:\/\/adornosparacumple.com\/wp-content\/uploads\/2023\/10\/tarjeta-personalizada-para-cumple-169x300.png 169w, https:\/\/adornosparacumple.com\/wp-content\/uploads\/2023\/10\/tarjeta-personalizada-para-cumple-150x267.png 150w, https:\/\/adornosparacumple.com\/wp-content\/uploads\/2023\/10\/tarjeta-personalizada-para-cumple.png 656w\" sizes=\"auto, (max-width: 576px) 100vw, 576px\" \/><\/a><\/figure>\n<\/div><\/div><\/div>\n\n\n\n<div class=\"wp-block-stackable-column stk-block-column stk-column stk-block stk-eb8176a\" data-v=\"4\" data-block-id=\"eb8176a\"><div class=\"stk-column-wrapper stk-block-column__content stk-container stk-eb8176a-container stk--no-background stk--no-padding\"><div class=\"stk-block-content stk-inner-blocks stk-eb8176a-inner-blocks\">\n<figure class=\"wp-block-image size-large\"><a href=\"https:\/\/adornosparacumple.com\/en\/free-personalized-cards\/\"><img loading=\"lazy\" decoding=\"async\" width=\"576\" height=\"1024\" src=\"https:\/\/adornosparacumple.com\/wp-content\/uploads\/2023\/10\/Plantillas-de-tarjetas-de-cumpleanos-personalizables-gratis-576x1024.png\" alt=\"\" class=\"wp-image-3975\" srcset=\"https:\/\/adornosparacumple.com\/wp-content\/uploads\/2023\/10\/Plantillas-de-tarjetas-de-cumpleanos-personalizables-gratis-576x1024.png 576w, https:\/\/adornosparacumple.com\/wp-content\/uploads\/2023\/10\/Plantillas-de-tarjetas-de-cumpleanos-personalizables-gratis-169x300.png 169w, https:\/\/adornosparacumple.com\/wp-content\/uploads\/2023\/10\/Plantillas-de-tarjetas-de-cumpleanos-personalizables-gratis-150x267.png 150w, https:\/\/adornosparacumple.com\/wp-content\/uploads\/2023\/10\/Plantillas-de-tarjetas-de-cumpleanos-personalizables-gratis.png 656w\" sizes=\"auto, (max-width: 576px) 100vw, 576px\" \/><\/a><\/figure>\n<\/div><\/div><\/div>\n<\/div><\/div>\n\n\n<style><\/style><style><\/style>\n<div class=\"wp-block-stackable-columns alignwide stk-block-columns stk-block stk-378a2d0\" data-block-id=\"378a2d0\"><div class=\"stk-row stk-inner-blocks stk-block-content stk-content-align stk-378a2d0-column alignwide\">\n<div class=\"wp-block-stackable-column stk-block-column stk-column stk-block stk-61ffce5 stk-block-background\" data-v=\"4\" data-block-id=\"61ffce5\"><style>.stk-61ffce5{padding-top:64px !important;padding-bottom:64px !important}<\/style><div class=\"stk-column-wrapper stk-block-column__content stk-container stk-61ffce5-container stk--no-background stk--no-padding\"><div class=\"stk-block-content stk-inner-blocks stk-61ffce5-inner-blocks\">\n<div class=\"wp-block-stackable-heading stk-block-heading stk-block-heading--v2 stk-block stk-7a9fc92\" id=\"buscas-mas-frases\" data-block-id=\"7a9fc92\"><h2 class=\"stk-block-heading__text\">Looking for more phrases?<\/h2><\/div>\n\n\n\n<div class=\"wp-block-stackable-text stk-block-text stk-block stk-d5f83c6\" data-block-id=\"d5f83c6\"><p class=\"stk-block-text__text\">Explore more messages full of love for your loved ones to show and express your feelings to those people who are so special! <\/p><\/div>\n\n\n\n<div class=\"wp-block-stackable-button-group stk-block-button-group stk-block stk-07ee3e9\" data-block-id=\"07ee3e9\"><div class=\"stk-row stk-inner-blocks stk-block-content stk-button-group\">\n<div class=\"wp-block-stackable-button stk-block-button stk-block stk-e9c1c17\" data-block-id=\"e9c1c17\"><a class=\"stk-link stk-button stk--hover-effect-darken\" href=\"https:\/\/adornosparacumple.com\/en\/category\/family-phrases\/\"><span class=\"stk-button__inner-text\">Phrases for family<\/span><\/a><\/div>\n\n\n\n<div class=\"wp-block-stackable-button stk-block-button is-style-ghost stk-block stk-0ce8c1c\" data-block-id=\"0ce8c1c\"><style>.stk-0ce8c1c .stk-button{background:transparent !important}.stk-0ce8c1c .stk-button:hover:after{background:transparent !important;opacity:1 !important}:where(.stk-hover-parent:hover,.stk-hover-parent.stk--is-hovered) .stk-0ce8c1c .stk-button:after{background:transparent !important;opacity:1 !important}.stk-0ce8c1c .stk-button:before{border-style:solid !important}<\/style><a class=\"stk-link stk-button stk--hover-effect-darken\" href=\"https:\/\/www.facebook.com\/adornosparacumple\" target=\"_blank\" rel=\"noreferrer noopener nofollow\"><span class=\"stk-button__inner-text\">Facebook<\/span><\/a><\/div>\n<\/div><\/div>\n<\/div><\/div><\/div>\n\n\n\n<div class=\"wp-block-stackable-column stk-block-column stk-column stk-block stk-5a9e918 stk-block-background stk--has-background-overlay\" data-v=\"4\" data-block-id=\"5a9e918\"><style>.stk-5a9e918-inner-blocks{justify-content:center !important}.stk-5a9e918{background-image:url(https:\/\/d3gt1urn7320t9.cloudfront.net\/library-v3\/section-wireframes-call-to-action-3\/d7a363e397fc.png) !important}<\/style><div class=\"stk-column-wrapper stk-block-column__content stk-container stk-5a9e918-container stk--no-background stk--no-padding\"><div class=\"stk--column-flex stk-block-content stk-inner-blocks stk-5a9e918-inner-blocks\">\n<figure class=\"wp-block-image size-full\"><img loading=\"lazy\" decoding=\"async\" width=\"600\" height=\"400\" src=\"https:\/\/adornosparacumple.com\/wp-content\/uploads\/2023\/08\/adornos-para-cumple-nosotros.png\" alt=\"decorations for meet - us\" class=\"wp-image-3317\" srcset=\"https:\/\/adornosparacumple.com\/wp-content\/uploads\/2023\/08\/adornos-para-cumple-nosotros.png 600w, https:\/\/adornosparacumple.com\/wp-content\/uploads\/2023\/08\/adornos-para-cumple-nosotros-300x200.png 300w\" sizes=\"auto, (max-width: 600px) 100vw, 600px\" \/><\/figure>\n<\/div><\/div><\/div>\n<\/div><\/div>","protected":false},"excerpt":{"rendered":"<p>Hermosas tarjetas personalizadas para Cumplea\u00f1os \u00a1Celebra momentos especiales con nuestras hermosas tarjetas personalizadas para cumplea\u00f1os! Dise\u00f1a con amor, a\u00f1ade nombres y crea recuerdos inolvidables. \u00a1Hazlo \u00fanico en cada detalle!<\/p>","protected":false},"author":2,"featured_media":3976,"parent":0,"menu_order":0,"comment_status":"closed","ping_status":"closed","template":"","meta":{"_gspb_post_css":"#gspb_iconBox-id-gsbp-d06f2f08-9e9a svg{height:40px!important;width:40px!important;min-width:40px!important;fill:#2184f9!important;margin:0!important}#gspb_iconBox-id-gsbp-d06f2f08-9e9a{justify-content:flex-start;display:flex}#gspb_iconBox-id-gsbp-d06f2f08-9e9a svg path,#gspb_iconBox-id-gsbp-d06f2f08-9e9a svg:hover,#gspb_iconBox-id-gsbp-d06f2f08-9e9a svg:hover path{fill:#2184f9!important}#gspb_iconBox-id-gsbp-d06f2f08-9e9a .gspb_iconBox__wrapper{margin-bottom:20px}#gspb_heading-id-gsbp-d66bef4b-29b9,#gspb_heading-id-gsbp-d66bef4b-29b9 .wp-block{font-size:clamp(1.5rem,3vw,3rem);line-height:clamp(2.5rem,3vw,4rem);font-weight:700!important}#gspb_heading-id-gsbp-d66bef4b-29b9{margin-bottom:30px}.gspb_button-id-gsbp-edad41d5-85f4{display:flex;justify-content:flex-start}.gspb_button-id-gsbp-edad41d5-85f4 .gspb-buttonbox-text{display:flex;flex-direction:column}.gspb_button-id-gsbp-edad41d5-85f4>.gspb-buttonbox{display:var(--display, inline-flex);text-align:center;font-family:var(--theme-button-font-family, var(--theme-font-family));font-size:var(--theme-button-font-size);font-weight:var(--theme-button-font-weight);font-style:var(--theme-button-font-style);line-height:var(--theme-button-line-height);letter-spacing:var(--theme-button-letter-spacing);text-transform:var(--theme-button-text-transform);-webkit-text-decoration:var(--theme-button-text-decoration);text-decoration:var(--theme-button-text-decoration);color:var(--theme-button-text-initial-color);border:var(--theme-button-border);background-color:var(--theme-button-background-initial-color);min-height:var(--theme-button-min-height);appearance:none;user-select:none;border-radius:var(--theme-button-border-radius, 3px);--has-link-decoration:var(--false);padding:var(--theme-button-padding);align-items:center;justify-content:center;position:relative;z-index:0;cursor:pointer;box-sizing:border-box;background-image:linear-gradient(135deg,#4081f6 0,#8068fa 18%,#ff80aa 38%,#ff6758 56%,#ff6518 65%,#ffb124 76%);font-weight:700!important;border-top-left-radius:3px;border-top-right-radius:3px;border-bottom-right-radius:3px;border-bottom-left-radius:3px;box-shadow:0 1px 2px 0 #450070c7,0 18px 10px -10px #ff71003d}.gspb_button-id-gsbp-edad41d5-85f4>.gspb-buttonbox:hover{border-color:var(--theme-button-border-hover-color);color:var(--theme-button-text-hover-color);background-color:var(--theme-button-background-hover-color)}.gspb_button-id-gsbp-edad41d5-85f4>.gspb-buttonbox .wp-block{font-weight:700!important}.gspb_button-id-gsbp-edad41d5-85f4>.gspb-buttonbox:hover{box-shadow:0 1px 1px 0 #ba52ffad;transform:translateY(3px)}.gspb-buttonbox{background-size:200% 200%}.gspb-buttonbox:hover{background-position:100% 0}.gspb_button-id-gsbp-edad41d5-85f4>.gspb-buttonbox,.gspb_button-id-gsbp-edad41d5-85f4>.gspb-buttonbox .gspb-buttonbox-icon svg,.gspb_button-id-gsbp-edad41d5-85f4>.gspb-buttonbox .gspb-buttonbox-icon svg path{transition:all .3s cubic-bezier(.165,.84,.44,1)}#gspb_row-id-gsbp-38879413-ba54,#gspb_row-id-gsbp-8a7bc1c3-4450{justify-content:space-between;margin-bottom:0;position:relative;display:flex;flex-wrap:wrap}#gspb_row-id-gsbp-38879413-ba54{margin-top:0;background-color:#fff}#gspb_row-id-gsbp-38879413-ba54>.gspb_row__content{display:flex;justify-content:space-between;margin:0 auto;width:100%;flex-wrap:wrap}#gspb_row-id-gsbp-38879413-ba54 div[id^=gspb_col-id],#gspb_row-id-gsbp-8a7bc1c3-4450 div[id^=gspb_col-id]{position:relative;padding:15px min(3vw,20px);box-sizing:border-box}#gspb_col-id-gsbp-43d34440-c5e5.gspb_row__col--12,#gspb_row-id-gsbp-8a7bc1c3-4450 .gspb_shape-divider-container svg{width:100%}@media (max-width:575.98px){#gspb_col-id-gsbp-43d34440-c5e5.gspb_row__col--12{width:100%}}#gspb_col-id-gsbp-43d34440-c5e5.gspb_row__col--12,#gspb_col-id-gsbp-43d34440-c5e5.gspb_row__col--12:hover{background-size:cover}#gspb_col-id-gsbp-43d34440-c5e5.gspb_row__col--12{box-shadow:0 15px 30px 0 rgba(119,123,146,.1)}#gspb_row-id-gsbp-8a7bc1c3-4450{margin-top:100px;z-index:0}#gspb_row-id-gsbp-8a7bc1c3-4450>.gspb_row__content{display:flex;justify-content:space-between;margin:0 auto;width:100%;flex-wrap:wrap}body.gspb-bodyfront #gspb_row-id-gsbp-38879413-ba54>.gspb_row__content,body.gspb-bodyfront #gspb_row-id-gsbp-8a7bc1c3-4450>.gspb_row__content{width:var(--theme-container-width, 1200px);max-width:var(--theme-normal-container-max-width, 1200px)}#gspb_row-id-gsbp-8a7bc1c3-4450 .gspb_shape-divider-container{overflow:hidden;position:absolute;left:0;z-index:-1;width:100%;line-height:0;pointer-events:none}#gspb_row-id-gsbp-8a7bc1c3-4450 [data-aos^=fade]{transition-property:opacity,transform;transition-duration:.7s;transition-delay:0s}#gspb_row-id-gsbp-8a7bc1c3-4450 [data-aos^=fade]:not(.aos-animate){opacity:0!important}#gspb_row-id-gsbp-8a7bc1c3-4450 [data-aos-delay=\"600\"].aos-animate,#gspb_row-id-gsbp-8a7bc1c3-4450 [data-aos-delay=\"600\"][data-gs-aos]{transition-delay:.6s}#gspb_row-id-gsbp-8a7bc1c3-4450 [data-aos-delay=\"100\"].aos-animate,#gspb_row-id-gsbp-8a7bc1c3-4450 [data-aos-delay=\"100\"][data-gs-aos]{transition-delay:.1s}#gspb_row-id-gsbp-8a7bc1c3-4450 [data-aos-delay=\"300\"].aos-animate,#gspb_row-id-gsbp-8a7bc1c3-4450 [data-aos-delay=\"300\"][data-gs-aos]{transition-delay:.3s}#gspb_row-id-gsbp-8a7bc1c3-4450 [data-aos^=fade].aos-animate,#gspb_row-id-gsbp-8a7bc1c3-4450 [data-aos^=fade][data-gs-aos]{opacity:1;transform:translateZ(0)}#gspb_row-id-gsbp-8a7bc1c3-4450 [data-aos=fade-up]{transform:translate3d(0,60px,0)}#gspb_row-id-gsbp-8a7bc1c3-4450 .gspb_shape-divider-container--top{top:-226px}#gspb_row-id-gsbp-8a7bc1c3-4450 .gspb_shape-divider-container--top svg{height:742px}#gspb_col-id-gsbp-fbf6398c-98ed.gspb_row__col--6{width:50%}@media (max-width:575.98px){#gspb_col-id-gsbp-fbf6398c-98ed.gspb_row__col--6{width:100%}}#gspb_col-id-gsbp-fbf6398c-98ed.gspb_row__col--6,#gspb_col-id-gsbp-fbf6398c-98ed.gspb_row__col--6:hover{background-size:cover}body #gspb_col-id-gsbp-fbf6398c-98ed.gspb_row__col--6{display:flex;flex-direction:column;justify-content:center;align-items:center}#gspb_col-id-gsbp-1f3fbc7a-0720.gspb_row__col--6{width:50%}@media (max-width:575.98px){#gspb_col-id-gsbp-1f3fbc7a-0720.gspb_row__col--6{width:100%}}.gspb_row #gspb_col-id-gsbp-1f3fbc7a-0720.gspb_row__col--6{padding:35px}","pgc_sgb_lightbox_settings":"","footnotes":""},"class_list":["post-3969","page","type-page","status-publish","has-post-thumbnail","hentry"],"blocksy_meta":{"has_hero_section":"disabled"},"featured_image_src":"https:\/\/adornosparacumple.com\/wp-content\/uploads\/2023\/10\/Tarjetas-personalizadas-para-Cumpleanos.png","_links":{"self":[{"href":"https:\/\/adornosparacumple.com\/en\/wp-json\/wp\/v2\/pages\/3969","targetHints":{"allow":["GET"]}}],"collection":[{"href":"https:\/\/adornosparacumple.com\/en\/wp-json\/wp\/v2\/pages"}],"about":[{"href":"https:\/\/adornosparacumple.com\/en\/wp-json\/wp\/v2\/types\/page"}],"author":[{"embeddable":true,"href":"https:\/\/adornosparacumple.com\/en\/wp-json\/wp\/v2\/users\/2"}],"replies":[{"embeddable":true,"href":"https:\/\/adornosparacumple.com\/en\/wp-json\/wp\/v2\/comments?post=3969"}],"version-history":[{"count":0,"href":"https:\/\/adornosparacumple.com\/en\/wp-json\/wp\/v2\/pages\/3969\/revisions"}],"wp:featuredmedia":[{"embeddable":true,"href":"https:\/\/adornosparacumple.com\/en\/wp-json\/wp\/v2\/media\/3976"}],"wp:attachment":[{"href":"https:\/\/adornosparacumple.com\/en\/wp-json\/wp\/v2\/media?parent=3969"}],"curies":[{"name":"wp","href":"https:\/\/api.w.org\/{rel}","templated":true}]}}